{"id":2694,"date":"2016-04-15T00:02:27","date_gmt":"2016-04-14T22:02:27","guid":{"rendered":"http:\/\/danaburns.net\/?page_id=2694"},"modified":"2020-06-12T23:35:41","modified_gmt":"2020-06-12T21:35:41","slug":"lesaffiches","status":"publish","type":"page","link":"https:\/\/danaburns.net\/fr\/lesaffiches\/","title":{"rendered":"les affiches"},"content":{"rendered":"\n<h3 class=\"wp-block-heading\">LES AFFICHES MAGAZINE <p><\/p><\/h3>\n\n\n<p>\u00a0<\/p>\n<p><strong>C\u2019est sa peinture, mais c\u2019est notre vie.<\/strong> Cette navette incessante entre deux niveaux de r\u00e9alit\u00e9 nous happe. Soit la toile intitul\u00e9e <em>Lac de Paladru<\/em>. Le ciel que l\u2019artiste a peint au-dessus du lac est \u00e0 la fois un ciel incontestable et un flagrant badigeon : ce badigeon h\u00e2tif, cette imperfection, cet aspet non fini, en font pourtant un ciel vrai, un ciel plus vrai que le vrai. Partant de situations puis\u00e9es dans le quotidien (on imagine qu\u2019elle travaille \u00e0 partir de photographies mettant en sc\u00e8ne ses proches dans leurs occupations), Dana BURNS transforme l\u2019exp\u00e9rience de la peinture. Elle use de faux aplats, o\u00f9 la touche reste d\u00e9lib\u00e9r\u00e9ment apparente : le coup de pinceau ne tente jamais de faire illusion. Il en est de m\u00eame des couleurs, des d\u00e9goulinures, des effets de mati\u00e8re. Ce que Dana BURNS raconte rel\u00e8ve de l\u2019universel (tout le monde peut s\u2019y projeter), mais elle fait basculer cette universalit\u00e9-l\u00e0 dans le creuset \u00e9minemment personnel de l\u2019\u00e9preuve picturale.<\/p>\n<p><strong>Aujourd\u2019hui install\u00e9e \u00e0 Grenoble, cette jeune Am\u00e9ricaine (n\u00e9e \u00e0 Long Island en 1987) s\u2019inscrit naturellement dans la lign\u00e9e de la peinture anglo-saxonne.<\/strong> Son \u0153uvre affiche la franchise insouciante du Pop Art; et l\u2019on songe parfois aux prosa\u00efsmes d\u00e9sinvoltes d\u2019Andy WARHOL, aux couleurs d\u2019Alex KATZ, \u00e0 la libert\u00e9 de ton de Georgia O\u2019KEEFE. Mais la parent\u00e9 la plus flagrante para\u00eet \u00eatre celle de David HOCKNEY, la s\u00e9rie de ses <em>Piscines<\/em> notamment. Dana BURNS en a repris le coloris acidul\u00e9, la vision par flashes, les \u00e9blouissements successifs et m\u00eame le triomphe solaire des corps tout simplement nus.<\/p>\n<p><strong>Avec l\u2019audace de ses jeunes ann\u00e9es,<\/strong> Dana BURNS d\u00e9veloppe un chromatisme tonique, une vigueur de la facture et une vivacit\u00e9 du regard. Ses toiles ne sont pas n\u00e9cessairement de grandes dimensions: elle font cependant montre d\u2019une ampleur ind\u00e9niable. Des flaques roses dialoguent \u00e9nergiquement avec ses t\u00e2ches de vert franc; la lumi\u00e8re \u00e9clatante ronge le quotidien, l\u2019inondant au point de le transfigurer; et le clinquant de la palette d\u00e9bouche paradoxalement sur un ressenti tout en int\u00e9riorit\u00e9. Dana BURNS s\u2019engouffre dans la faille: elle nous donne \u00e0 distinguer ce qu\u2019il y a d\u2019\u00e9tonnant dans la banalit\u00e9. Ce que l\u2019ordinaire offre d\u2019extraordinaire.<span class=\"s1\"><br><\/br><\/span><\/p>\n<p style=\"text-align: right;\">Jean-Louis ROUX<\/p>\n\n\n<p class=\"has-text-align-right\">April 2016<\/p>\n","protected":false},"excerpt":{"rendered":"<p>LES AFFICHES MAGAZINE \u00a0 C\u2019est sa peinture, mais c\u2019est notre vie. Cette navette incessante entre deux niveaux de r\u00e9alit\u00e9 nous happe. Soit la toile intitul\u00e9e Lac de Paladru. Le ciel que l\u2019artiste a peint au-dessus du lac est \u00e0 la fois un ciel incontestable et&#8230;<\/p>\n","protected":false},"author":1,"featured_media":0,"parent":0,"menu_order":0,"comment_status":"closed","ping_status":"closed","template":"","meta":{"spay_email":"","footnotes":""},"class_list":["post-2694","page","type-page","status-publish","hentry"],"jetpack_sharing_enabled":false,"jetpack_shortlink":"https:\/\/wp.me\/P4piX3-Hs","_links":{"self":[{"href":"https:\/\/danaburns.net\/fr\/wp-json\/wp\/v2\/pages\/2694","targetHints":{"allow":["GET"]}}],"collection":[{"href":"https:\/\/danaburns.net\/fr\/wp-json\/wp\/v2\/pages"}],"about":[{"href":"https:\/\/danaburns.net\/fr\/wp-json\/wp\/v2\/types\/page"}],"author":[{"embeddable":true,"href":"https:\/\/danaburns.net\/fr\/wp-json\/wp\/v2\/users\/1"}],"replies":[{"embeddable":true,"href":"https:\/\/danaburns.net\/fr\/wp-json\/wp\/v2\/comments?post=2694"}],"version-history":[{"count":22,"href":"https:\/\/danaburns.net\/fr\/wp-json\/wp\/v2\/pages\/2694\/revisions"}],"predecessor-version":[{"id":5861,"href":"https:\/\/danaburns.net\/fr\/wp-json\/wp\/v2\/pages\/2694\/revisions\/5861"}],"wp:attachment":[{"href":"https:\/\/danaburns.net\/fr\/wp-json\/wp\/v2\/media?parent=2694"}],"curies":[{"name":"wp","href":"https:\/\/api.w.org\/{rel}","templated":true}]}}