{"id":2858,"date":"2016-10-18T01:36:14","date_gmt":"2016-10-17T23:36:14","guid":{"rendered":"http:\/\/danaburns.net\/?page_id=2858"},"modified":"2020-06-12T13:13:11","modified_gmt":"2020-06-12T11:13:11","slug":"vivreagrenoble","status":"publish","type":"page","link":"https:\/\/danaburns.net\/fr\/vivreagrenoble\/","title":{"rendered":""},"content":{"rendered":"\n<h3 class=\"wp-block-heading\">Vivre \u00e0 Grenoble Magazine<p><\/p><\/h3>\n\n\n<p>\u00a0<\/p>\n<p>Un voyage en Espagne, une baignade au lac de Paladru, une pause dans un caf\u00e9 \u00e9cossais&#8230; La jeune artiste am\u00e9ricaine de 28 ans nourrit son \u0153uvre de ses exp\u00e9riences personnelles. Sa peinture, entre figuration et abstraction, joue sur les tons vifs, les effets de mati\u00e8re et l&rsquo;\u00e9quilibre de la composition.<\/p>\n<p>Elle est fascin\u00e9e par les cours int\u00e9rieures, la v\u00e9g\u00e9tation luxuriante, la lumi\u00e8re&#8230; \u00ab Je marche beaucoup dans la nature. J\u2019adore regarder le soleil passer sur les montagnes, explique l\u2019artiste, n\u00e9e \u00e0 Long Island aux \u00c9tats-Unis et dipl\u00f4m\u00e9e des Beaux-Arts de New York. La nature est la meilleure artiste au monde! C\u2019est ma premi\u00e8re source d\u2019inspiration. \u00bb<br \/>Dans ses peintures figuratives, Dana Burns enchante le r\u00e9el \u00e0 la mani\u00e8re d\u2019un Matisse ou d\u2019un Hockney, qui comptent parmi ses artistes favoris.<\/p>\n<p><em>\u00ab Je m\u2019int\u00e9resse aux artistes contemporains de l\u2019art figuratif am\u00e9ricain \u00bb souligne Dana Burns<\/em><\/p>\n<p>Elle part de ses propres photos \u2013 balades, sc\u00e8nes de vie (o\u00f9 elle appara\u00eet aussi), paysages, intimit\u00e9 de son appartement \u2013 pour composer ses tableaux. \u00ab Je ne souhaite pas leur donner un rendu photographique. C\u2019est un point de d\u00e9part qui m\u2019apporte une structure \u00bb, pr\u00e9cise cette amoureuse de la langue fran\u00e7aise, arriv\u00e9e \u00e0 Grenoble en 2011. Elle laisse parler sa cr\u00e9ativit\u00e9 directement sur la toile, selon une technique originale qu\u2019elle a d\u00e9couverte au cours de son travail. \u00ab Je superpose entre quatre et cinq couches de peinture \u00e0 l&rsquo;huile ou \u00e0 l\u2019acrylique, visibles par transparence. Des couches de mat et des couches de vernis que je coule sur la toile pour apporter du brillant. J\u2019adore les couleurs vives. \u00bb Comme cet effet de mati\u00e8re rose bonbon d\u00e9goulinant qui cr\u00e9e une dynamique dans son tableau intitul\u00e9 \u201cXim\u00e9nez de Enciso, Sevilla\u201d. \u00ab J\u2019ai fait tomber un peu trop de vernis sur la toile et il s\u00e8che tr\u00e8s vite. \u00bb Entre vrais accidents et fausses imperfections cr\u00e9\u00e9es par des coups de pinceau semblant-ils rapides &#8211; mais en r\u00e9alit\u00e9 savamment pos\u00e9s &#8211; pour rendre un ciel mena\u00e7ant, peindre les ombres, sugg\u00e9rer l\u2019expression d\u2019un visage&#8230; elle ne cache rien, ne tente pas de nuancer. Dans sa toile \u201cHemma caf\u00e9, Edinburgh\u201d, la lumi\u00e8re appara\u00eet par des aplats g\u00e9om\u00e9triques blancs charg\u00e9s d\u2019\u00e9nergie.<\/p>\n<p><strong><strong>DES MISES EN ABYME<\/strong><\/strong><\/p>\n<p>La peintre voyageuse, issue d\u2019une famille d\u2019artistes et encourag\u00e9e d\u00e8s son plus jeune \u00e2ge \u00e0 cr\u00e9er, raffole des mises en abyme. Son tableau dans le tableau, une acrylique sur toile intitul\u00e9e \u201cL\u2019observateur\u201d, intrigue. \u00ab Je recherche la complexit\u00e9 et la profondeur \u00bb, remarque-t-elle. Elle s\u2019amuse avec les perspectives, l\u2019int\u00e9rieur\/ext\u00e9rieur, d\u00e9forme et d\u00e9structure l\u2019espace.<\/p>\n<p>Dana Burns, qui a particip\u00e9 \u00e0 plusieurs expositions collectives \u00e0 New York, commence \u00e0 se faire un nom dans la r\u00e9gion. Elle a d\u00e9j\u00e0 expos\u00e9 \u00e0 la Maison internationale \u00e0 Grenoble, \u00e0 la galerie Place \u00e0 l\u2019Art \u00e0 Voiron, et s\u2019appr\u00eate \u00e0 investir l\u2019annexe de l\u2019\u00c9cole sup\u00e9rieure d\u2019art de Grenoble en novembre.<\/p>\n<p>\u00a0<\/p>\n<div style=\"text-align: right;\">Caroline CHALOIN<\/div>\n\n\n<p class=\"has-text-align-right\">October 2016<\/p>\n","protected":false},"excerpt":{"rendered":"<p>Vivre \u00e0 Grenoble Magazine \u00a0 Un voyage en Espagne, une baignade au lac de Paladru, une pause dans un caf\u00e9 \u00e9cossais&#8230; La jeune artiste am\u00e9ricaine de 28 ans nourrit son \u0153uvre de ses exp\u00e9riences personnelles. Sa peinture, entre figuration et abstraction, joue sur les tons&#8230;<\/p>\n","protected":false},"author":1,"featured_media":0,"parent":0,"menu_order":0,"comment_status":"closed","ping_status":"closed","template":"","meta":{"spay_email":"","footnotes":""},"class_list":["post-2858","page","type-page","status-publish","hentry"],"jetpack_sharing_enabled":false,"jetpack_shortlink":"https:\/\/wp.me\/P4piX3-K6","_links":{"self":[{"href":"https:\/\/danaburns.net\/fr\/wp-json\/wp\/v2\/pages\/2858","targetHints":{"allow":["GET"]}}],"collection":[{"href":"https:\/\/danaburns.net\/fr\/wp-json\/wp\/v2\/pages"}],"about":[{"href":"https:\/\/danaburns.net\/fr\/wp-json\/wp\/v2\/types\/page"}],"author":[{"embeddable":true,"href":"https:\/\/danaburns.net\/fr\/wp-json\/wp\/v2\/users\/1"}],"replies":[{"embeddable":true,"href":"https:\/\/danaburns.net\/fr\/wp-json\/wp\/v2\/comments?post=2858"}],"version-history":[{"count":29,"href":"https:\/\/danaburns.net\/fr\/wp-json\/wp\/v2\/pages\/2858\/revisions"}],"predecessor-version":[{"id":5851,"href":"https:\/\/danaburns.net\/fr\/wp-json\/wp\/v2\/pages\/2858\/revisions\/5851"}],"wp:attachment":[{"href":"https:\/\/danaburns.net\/fr\/wp-json\/wp\/v2\/media?parent=2858"}],"curies":[{"name":"wp","href":"https:\/\/api.w.org\/{rel}","templated":true}]}}