{"id":3282,"date":"2017-11-02T12:38:20","date_gmt":"2017-11-02T11:38:20","guid":{"rendered":"http:\/\/danaburns.net\/?page_id=3282"},"modified":"2020-06-12T13:10:09","modified_gmt":"2020-06-12T11:10:09","slug":"beauxquartiers","status":"publish","type":"page","link":"https:\/\/danaburns.net\/fr\/beauxquartiers\/","title":{"rendered":""},"content":{"rendered":"\n<h3 class=\"wp-block-heading\">Beaux Quartiers Magazine<p><\/p><\/h3>\n\n\n<p>\u00a0<\/p>\n<p><strong>Ses peintures ont \u00e9t\u00e9 tr\u00e8s vite remarqu\u00e9es<\/strong> dans la r\u00e9gion : des paysages, des sc\u00e8nes de rue, des tranches de vie inspir\u00e9es de son quotidien aux couleurs souvent vives, entre figuration et abstraction, \u00e9voquant parfois la palette de David Hockney ou d&rsquo;Henri Matisse. Arriv\u00e9e en 2011 \u00e0 Grenoble, cette artiste new-yorkaise de trente ans; dipl\u00f4m\u00e9e d&rsquo;une prestigieuse \u00e9cole d&rsquo;art de Manhattan, a en effet tr\u00e8s vite expos\u00e9 un peu partout dans la r\u00e9gion : \u00e0 la galerie Place \u00e0 l&rsquo;Art \u00e0 Voiron, au ch\u00e2teau Borel \u00e0 Saint-Egr\u00e8ve, \u00e0 l&rsquo;\u00e9cole d&rsquo;art de Grenoble, \u00e0 Lyon&#8230; Elle \u00e0 m\u00eame obtenu le prix de la Ville de Grenoble en 2015.<\/p>\n<p>\u00c0 l&rsquo;age de 15 ans, elle \u00e9tait tomb\u00e9e amoureuse de la France et de sa culture lors d&rsquo;un voyage \u00e0 Paris avec sa m\u00e8re et s&rsquo;\u00e9tait promis de revenir un jour. Avec son copain, elle a donc franchi le pas d\u00e8s que l&rsquo;opportunit\u00e9 s&rsquo;est pr\u00e9sent\u00e9e et elle a choisi une ville totalement inconnue de ses compatriotes, Grenoble. \u00ab J&rsquo;avais envie d&rsquo;\u00eatre \u00e0 proximit\u00e9 de la nature et de la montagne, tout en restant tout de m\u00eame dans une ville. Ici, on peut vivre sans voiture&#8230; cela me semblait un bon compromis. C&rsquo;est un peu exotique&#8230; \u00bb, ajoute Dana avec son charmant accent.<\/p>\n<p>Chaleureuse et spontan\u00e9e, cette rousse piquante attire tout de suite la sympathie. Si elle appr\u00e9cie toujours autant les longues \u00e9chapp\u00e9es dans la nature, elle d\u00e9couvre toutefois les difficult\u00e9s \u00e0 s&rsquo;int\u00e9grer \u00e0 une communaut\u00e9 en tant qu&rsquo;artiste \u00e9mergente expatri\u00e9e : \u00ab Le milieu de l&rsquo;art est tr\u00e8s ferm\u00e9 et tr\u00e8s petit, si on n&rsquo;a pas fait une \u00e9cole ici. On a l&rsquo;impression que pour \u00eatre credible vis-\u00e0-vis des galeristes et des collectionneurs, il faut \u00eatre \u00e0 Paris. \u00bb, constate-t-elle avec un l\u00e9ger d\u00e9pit. Face \u00e0 cette r\u00e9alit\u00e9, elle a donc fait le choix d&rsquo;ouvrir un second atelier dans la capitale&#8230; \u00ab Je vais voir si je peux faire les allers et retours&#8230; \u00bb<\/p>\n<p>\u00a0<\/p>\n<div style=\"text-align: right;\">Caroline M\u00c9RICOUR<\/div>\n\n\n<p class=\"has-text-align-right\">October 2017<\/p>\n","protected":false},"excerpt":{"rendered":"<p>Beaux Quartiers Magazine \u00a0 Ses peintures ont \u00e9t\u00e9 tr\u00e8s vite remarqu\u00e9es dans la r\u00e9gion : des paysages, des sc\u00e8nes de rue, des tranches de vie inspir\u00e9es de son quotidien aux couleurs souvent vives, entre figuration et abstraction, \u00e9voquant parfois la palette de David Hockney ou&#8230;<\/p>\n","protected":false},"author":1,"featured_media":0,"parent":0,"menu_order":0,"comment_status":"closed","ping_status":"closed","template":"","meta":{"spay_email":"","footnotes":""},"class_list":["post-3282","page","type-page","status-publish","hentry"],"jetpack_sharing_enabled":false,"jetpack_shortlink":"https:\/\/wp.me\/P4piX3-QW","_links":{"self":[{"href":"https:\/\/danaburns.net\/fr\/wp-json\/wp\/v2\/pages\/3282","targetHints":{"allow":["GET"]}}],"collection":[{"href":"https:\/\/danaburns.net\/fr\/wp-json\/wp\/v2\/pages"}],"about":[{"href":"https:\/\/danaburns.net\/fr\/wp-json\/wp\/v2\/types\/page"}],"author":[{"embeddable":true,"href":"https:\/\/danaburns.net\/fr\/wp-json\/wp\/v2\/users\/1"}],"replies":[{"embeddable":true,"href":"https:\/\/danaburns.net\/fr\/wp-json\/wp\/v2\/comments?post=3282"}],"version-history":[{"count":36,"href":"https:\/\/danaburns.net\/fr\/wp-json\/wp\/v2\/pages\/3282\/revisions"}],"predecessor-version":[{"id":5850,"href":"https:\/\/danaburns.net\/fr\/wp-json\/wp\/v2\/pages\/3282\/revisions\/5850"}],"wp:attachment":[{"href":"https:\/\/danaburns.net\/fr\/wp-json\/wp\/v2\/media?parent=3282"}],"curies":[{"name":"wp","href":"https:\/\/api.w.org\/{rel}","templated":true}]}}