{"id":4308,"date":"2019-07-05T13:45:49","date_gmt":"2019-07-05T11:45:49","guid":{"rendered":"http:\/\/danaburns.net\/?page_id=4308"},"modified":"2025-12-04T11:47:16","modified_gmt":"2025-12-04T10:47:16","slug":"cv_fr","status":"publish","type":"page","link":"https:\/\/danaburns.net\/fr\/cv_fr\/","title":{"rendered":"cv_fr"},"content":{"rendered":"<p><a href=\"https:\/\/danaburns.net\/cv\"><span class=\"s2\">\ud83c\uddfa\ud83c\uddf8<\/a><\/p>\n<p>\u00a0<\/p>\n<h4>EXPOSITIONS PERSONNELLES (S\u00c9LECTION)<\/h4>\n<p>2024\u00a0 \u00a0 \u00a0 Farben in der K\u00e4lte, 48 Stunden Neuk\u00f6lln, Berlin, Allemagne<br \/>2024\u00a0 \u00a0 \u00a0 Diptych Tango, Sellerie Weekend, Berlin, Allemagne<br \/>2016\u00a0 \u00a0 \u00a0 La que sabe, Galerie Place \u00e0 l\u2019Art, Voiron<br \/>2015\u00a0 \u00a0 \u00a0 Strange Land, La Br\u00e8che, Lyon<br \/>2016\u00a0 \u00a0 \u00a0 Donn\u00e9es illimit\u00e9es, \u00c9cole Sup\u00e9rieure d\u2019Art et Design, Grenoble<br \/>2016\u00a0 \u00a0 \u00a0 La que sabe, Galerie Place \u00e0 l\u2019Art, Voiron<br \/>2015\u00a0 \u00a0 \u00a0 Strange Land, La Br\u00e8che, Lyon<br \/>2014\u00a0 \u00a0 \u00a0 C\u2019est un autre endroit, Maison des associations, Pont de Claix<br \/>2014\u00a0 \u00a0 \u00a0 L\u00e0 o\u00f9 l\u2019on ne nous attend pas, Ch\u00e2teau Borel, Saint-\u00c9gr\u00e8ve<br \/>2013 \u00a0 \u00a0 \u00a0Let the Great World Spin, Maison de l\u2019International, Grenoble<\/p>\n<h4>EXPOSITIONS COLLECTIVES (S\u00c9LECTION)<\/h4>\n<p>2022\u00a0 \u00a0 \u00a0 Berlin Affordable Art Market (BAAM#3), Monopol Gallery, Berlin, Allemagne<br \/> 2021\u00a0 \u00a0 \u00a0 PHASES, Galerie virtuelle de Dear Artists, Online<br \/>2020\u00a0 \u00a0 \u00a0 Vivre un jour de plus, H Gallery, Paris<br \/>2020\u00a0 \u00a0 \u00a0 Fe*Mail*Art, A.I.R. Gallery, Brooklyn, NY<br \/>2018\u00a0 \u00a0 \u00a0 La Petite Collection, Galerie Bertrand Grimont, Paris<br \/>2017\u00a0 \u00a0 \u00a0 American Edition, alternative space (rue Chapon), Paris, France\u00a0 (expo duo)<br \/>2016\u00a0 \u00a0 \u00a0 Paysages, Paysage, Galerie Place \u00e0 l\u2019Art, Voiron<br \/>2015\u00a0 \u00a0 \u00a0 Exposition de No\u00ebl, Galerie Place \u00e0 l\u2019Art, Voiron<br \/>2015\u00a0 \u00a0 \u00a0 Paysages-in-situ, Mus\u00e9e de Grenoble, Grenoble<br \/>2011\u00a0 \u00a0 \u00a0 Epicene, A-Gallery, New York, NY<br \/>2011\u00a0 \u00a0 \u00a0 Surface Value, Hosteling International, New York, NY<br \/>2010\u00a0 \u00a0 \u00a0 Fall Printmaking Show, hall d&rsquo;entre\u0301e du Pomerantz Building, Fashion Institute of Technology, New York, NY<br \/>2010\u00a0 \u00a0 \u00a0 Kaleidoscope in Condition, BFA Thesis Exhibition, Fashion Institute of Technology, New York, NY<br \/>2010\u00a0 \u00a0 \u00a0 Indispensable Extension, Espace alternatif (Midtown West), New York, NY<br \/>2010\u00a0 \u00a0 \u00a0 BYOA, X Initiative (ancien Dia Center for the Arts), New York, NY<br \/>2009\u00a0 \u00a0 \u00a0 40 X 19 X 11, M55 Art, Long Island City, NY<br \/>2009\u00a0 \u00a0 \u00a0 Fifty Unspoken Words, M55 Art, Long Island City, NY<br \/>2009\u00a0 \u00a0 \u00a0 Fine Art vs. Illustration, 2\/20 Gallery, New York, NY<br \/>2008\u00a0 \u00a0 \u00a0 Unveiled Allure, Autoportraits, The FIT Museum, New York, NY<\/p>\n<h4>TEXTES<\/h4>\n<p>2019 \u00a0Debnam, Harold: \u00ab\u00a04 Ways to Appreciate Artists You Love\u00a0\u00bb, Expatriates Magazine, f\u00e9vrier (Issue 49), pgs. 30-33 (Imprim\u00e9 en anglais)<br \/>2017 \u00a0<a href=\"http:\/\/danaburns.net\/beauxquartiers\/\">M\u00e9ricour, Caroline: \u201cDana Burns, artiste-peintre : de New York \u00e0 Grenoble\u201d, Beaux Quartiers Magazine, octobre, p. 118<\/a> (Imprim\u00e9)<br \/>2016 \u00a0<a href=\"http:\/\/danaburns.net\/vivreagrenoble\/\">Chaloin, Caroline: \u201cDana Burns : Sa vision du monde\u201d, Vivre \u00e0 Grenoble Magazine, octobre, p. 124 &#038; 125<\/a> (Imprim\u00e9)<br \/>2016 \u00a0<a href=\"http:\/\/danaburns.net\/lesaffiches\/\">Roux, Jean-Louis: \u201cLa peinture de la vie, la vie de la peinture\u201d, Les Affiches Magazine, 15 avril, p. 141<\/a> (Imprim\u00e9)<\/p>\n<h4>RESIDENCES<\/h4>\n<p>2021\u00a0 Dear Artists par Benz Amataya<\/p>\n<h4>PRIX<\/h4>\n<p>2015\u00a0 Prix Ville de Grenoble<\/p>\n<h4>EDUCATION<\/h4>\n<p>Avril 2024\u00a0 Quick &#038; Dirty RISO Workshop avec April Gertler, WIRWIR Project Space, Berlin, Allemagne<\/p>\n<p>2005-2010\u00a0 B.F.A. (Licence en Beaux-Arts), Fashion Institute of Technology, New York, NY, \u00c9tats-Unis<br \/>Mineure en Histoire de l&rsquo;Art<\/p>\n<p>1998-2002\u00a0 The Drawing Studio: Life drawing avec Jeffrey K. Fisher, Long Island, NY, \u00c9tats-Unis<\/p>\n<p>\u00a0<\/p>\n","protected":false},"excerpt":{"rendered":"<p>\ud83c\uddfa\ud83c\uddf8 \u00a0 EXPOSITIONS PERSONNELLES (S\u00c9LECTION) 2024\u00a0 \u00a0 \u00a0 Farben in der K\u00e4lte, 48 Stunden Neuk\u00f6lln, Berlin, Allemagne2024\u00a0 \u00a0 \u00a0 Diptych Tango, Sellerie Weekend, Berlin, Allemagne2016\u00a0 \u00a0 \u00a0 La que sabe, Galerie Place \u00e0 l\u2019Art, Voiron2015\u00a0 \u00a0 \u00a0 Strange Land, La Br\u00e8che, Lyon2016\u00a0 \u00a0 \u00a0 Donn\u00e9es&#8230;<\/p>\n","protected":false},"author":1,"featured_media":0,"parent":0,"menu_order":0,"comment_status":"closed","ping_status":"closed","template":"","meta":{"spay_email":"","footnotes":""},"class_list":["post-4308","page","type-page","status-publish","hentry"],"jetpack_sharing_enabled":false,"jetpack_shortlink":"https:\/\/wp.me\/P4piX3-17u","_links":{"self":[{"href":"https:\/\/danaburns.net\/fr\/wp-json\/wp\/v2\/pages\/4308","targetHints":{"allow":["GET"]}}],"collection":[{"href":"https:\/\/danaburns.net\/fr\/wp-json\/wp\/v2\/pages"}],"about":[{"href":"https:\/\/danaburns.net\/fr\/wp-json\/wp\/v2\/types\/page"}],"author":[{"embeddable":true,"href":"https:\/\/danaburns.net\/fr\/wp-json\/wp\/v2\/users\/1"}],"replies":[{"embeddable":true,"href":"https:\/\/danaburns.net\/fr\/wp-json\/wp\/v2\/comments?post=4308"}],"version-history":[{"count":64,"href":"https:\/\/danaburns.net\/fr\/wp-json\/wp\/v2\/pages\/4308\/revisions"}],"predecessor-version":[{"id":7049,"href":"https:\/\/danaburns.net\/fr\/wp-json\/wp\/v2\/pages\/4308\/revisions\/7049"}],"wp:attachment":[{"href":"https:\/\/danaburns.net\/fr\/wp-json\/wp\/v2\/media?parent=4308"}],"curies":[{"name":"wp","href":"https:\/\/api.w.org\/{rel}","templated":true}]}}