{"id":616,"date":"2012-07-17T03:54:43","date_gmt":"2012-07-17T08:54:43","guid":{"rendered":"http:\/\/danaburns.net\/?page_id=616"},"modified":"2025-12-04T11:47:59","modified_gmt":"2025-12-04T10:47:59","slug":"cv","status":"publish","type":"page","link":"https:\/\/danaburns.net\/fr\/cv\/","title":{"rendered":"bio"},"content":{"rendered":"<p><a href=\"https:\/\/danaburns.net\/cv_fr\/\"><span class=\"s2\">\ud83c\uddeb\ud83c\uddf7<\/a><\/p>\n<p><\/span><\/p>\n<h4><\/h4>\n<h4>\u00a0<\/h4>\n<h4>SELECTED SOLO EXHIBITIONS<\/h4>\n<p>2024\u00a0 \u00a0 \u00a0 Farben in der K\u00e4lte, 48 Stunden Neuk\u00f6lln, Berlin, Germany<br \/>\n2024\u00a0 \u00a0 \u00a0 Diptych Tango, Sellerie Weekend, Berlin, Germany<br \/>\n2016\u00a0 \u00a0 \u00a0 Donn\u00e9es illimit\u00e9es, \u00c9cole Sup\u00e9rieure d\u2019Art et Design, Grenoble, France<br \/>\n2016\u00a0 \u00a0 \u00a0 La que sabe, Galerie Place \u00e0 l\u2019Art, Voiron, France<br \/>\n2015\u00a0 \u00a0 \u00a0 Strange Land, La Br\u00e8che, Lyon, France<br \/>\n2014\u00a0 \u00a0 \u00a0 C\u2019est un autre endroit, Maison des associations, Pont de Claix, France<br \/>\n2014\u00a0 \u00a0 \u00a0 L\u00e0 o\u00f9 l\u2019on ne nous attend pas, Ch\u00e2teau Borel, Saint-\u00c9gr\u00e8ve, France<br \/>\n2013 \u00a0 \u00a0 \u00a0Let the Great World Spin, Maison de l\u2019International, Grenoble, France<span class=\"s1\"><br \/>\n<\/span><\/p>\n<h4>SELECTED GROUP EXHIBITIONS<\/h4>\n<p>2023\u00a0 \u00a0 \u00a0 Berlin Affordable Art Market (BAAM#5), Paul-Linker-Ufer 44A, Berlin, Germany<br \/>\n2022\u00a0 \u00a0 \u00a0 Berlin Affordable Art Market (BAAM#3), Monopol Gallery, Berlin, Germany<br \/>\n2021\u00a0 \u00a0 \u00a0 PHASES, Dear Artists Virtual Gallery, Online<br \/>\n2020\u00a0 \u00a0 \u00a0 Vivre un jour de plus, H Gallery, Paris, France<br \/>\n2020\u00a0 \u00a0 \u00a0 Fe*Mail*Art, A.I.R. Gallery, Brooklyn, NY<br \/>\n2018\u00a0 \u00a0 \u00a0 La Petite Collection, Galerie Bertrand Grimont, Paris, France<br \/>\n2017\u00a0 \u00a0 \u00a0 American Edition, alternative space (rue Chapon), Paris, France\u00a0 (Two-Person Show)<br \/>\n2016\u00a0 \u00a0 \u00a0 Paysages, Paysage, Galerie Place \u00e0 l\u2019Art, Voiron, France<br \/>\n2015\u00a0 \u00a0 \u00a0 Exposition de No\u00ebl, Galerie Place \u00e0 l\u2019Art, Voiron, France<br \/>\n2015\u00a0 \u00a0 \u00a0 Paysages-in-situ, Mus\u00e9e de Grenoble, Grenoble, France<br \/>\n2011\u00a0 \u00a0 \u00a0 Epicene, A-Gallery, New York, NY<br \/>\n2011\u00a0 \u00a0 \u00a0 Surface Value, Hosteling International, New York, NY<br \/>\n2010\u00a0 \u00a0 \u00a0 Fall Printmaking Show, Pomerantz Building Lobby, Fashion Institute of Technology, NY, NY<br \/>\n2010\u00a0 \u00a0 \u00a0 Kaleidoscope in Condition, BFA Thesis Exhibition, Fashion Institute of Technology, New York, NY<br \/>\n2010\u00a0 \u00a0 \u00a0 Indispensable Extension, alternative space (Midtown West), New York, NY<br \/>\n2010\u00a0 \u00a0 \u00a0 BYOA, X Initiative (former Dia Center for the Arts), New York, NY<br \/>\n2009\u00a0 \u00a0 \u00a0 40 X 19 X 11, M55 Art, Long Island City, NY<br \/>\n2009\u00a0 \u00a0 \u00a0 Fifty Unspoken Words, M55 Art, Long Island City, NY<br \/>\n2009\u00a0 \u00a0 \u00a0 Fine Art vs. Illustration, 2\/20 Gallery, New York, NY<br \/>\n2008\u00a0 \u00a0 \u00a0 Unveiled Allure, Self Portraits, The FIT Museum, New York, NY<\/p>\n<h4>PRESS &#038; PRINT MEDIA<\/h4>\n<p>2019 \u00a0Debnam, Harold: \u00ab\u00a04 Ways to Appreciate Artists You Love\u00a0\u00bb, Expatriates Magazine, February (Issue 49), pgs. 30-33 (Printed in English)<br \/>\n2017 \u00a0<a href=\"http:\/\/danaburns.net\/beauxquartiers\/\">M\u00e9ricour, Caroline: \u201cDana Burns, artiste-peintre : de New York \u00e0 Grenoble\u201d, Beaux Quartiers Magazine, October, p. 118<\/a>\u00a0 (Printed in French)<br \/>\n2016 \u00a0<a href=\"http:\/\/danaburns.net\/vivreagrenoble\/\">Chaloin, Caroline: \u201cDana Burns : Sa vision du monde\u201d, Vivre \u00e0 Grenoble Magazine, October, p. 124 &#038; 125<\/a> (Printed in French)<br \/>\n2016 \u00a0<a href=\"http:\/\/danaburns.net\/lesaffiches\/\">Roux, Jean-Louis: \u201cLa peinture de la vie, la vie de la peinture\u201d, Les Affiches Magazine, 15 April, p. 141<\/a> (Printed in French)<\/p>\n<h4>RESIDENCIES<\/h4>\n<p>2021\u00a0 Dear Artists by Benz Amataya<\/p>\n<h4>AWARDS<\/h4>\n<p>2015\u00a0 Prix Ville de Grenoble<\/p>\n<h4>EDUCATION<\/h4>\n<p>April 2024\u00a0 Quick &#038; Dirty RISO Workshop with April Gertler, WIRWIR Project Space, Berlin, Germany<\/p>\n<p>2005-2010\u00a0 B.F.A., Fashion Institute of Technology, New York, NY<br \/>\nMinor in History of Art<\/p>\n<p>1998-2002\u00a0 The Drawing Studio: Life drawing with Jeffrey K. Fisher, Long Island, NY<\/p>\n<h4><\/h4>\n<h4>\u00a0<\/h4>\n","protected":false},"excerpt":{"rendered":"<p>\ud83c\uddeb\ud83c\uddf7 \u00a0 SELECTED SOLO EXHIBITIONS 2024\u00a0 \u00a0 \u00a0 Farben in der K\u00e4lte, 48 Stunden Neuk\u00f6lln, Berlin, Germany 2024\u00a0 \u00a0 \u00a0 Diptych Tango, Sellerie Weekend, Berlin, Germany 2016\u00a0 \u00a0 \u00a0 Donn\u00e9es illimit\u00e9es, \u00c9cole Sup\u00e9rieure d\u2019Art et Design, Grenoble, France 2016\u00a0 \u00a0 \u00a0 La que sabe, Galerie&#8230;<\/p>\n","protected":false},"author":1,"featured_media":0,"parent":0,"menu_order":3,"comment_status":"closed","ping_status":"closed","template":"","meta":{"spay_email":"","footnotes":""},"class_list":["post-616","page","type-page","status-publish","hentry"],"jetpack_sharing_enabled":false,"jetpack_shortlink":"https:\/\/wp.me\/P4piX3-9W","_links":{"self":[{"href":"https:\/\/danaburns.net\/fr\/wp-json\/wp\/v2\/pages\/616","targetHints":{"allow":["GET"]}}],"collection":[{"href":"https:\/\/danaburns.net\/fr\/wp-json\/wp\/v2\/pages"}],"about":[{"href":"https:\/\/danaburns.net\/fr\/wp-json\/wp\/v2\/types\/page"}],"author":[{"embeddable":true,"href":"https:\/\/danaburns.net\/fr\/wp-json\/wp\/v2\/users\/1"}],"replies":[{"embeddable":true,"href":"https:\/\/danaburns.net\/fr\/wp-json\/wp\/v2\/comments?post=616"}],"version-history":[{"count":377,"href":"https:\/\/danaburns.net\/fr\/wp-json\/wp\/v2\/pages\/616\/revisions"}],"predecessor-version":[{"id":7051,"href":"https:\/\/danaburns.net\/fr\/wp-json\/wp\/v2\/pages\/616\/revisions\/7051"}],"wp:attachment":[{"href":"https:\/\/danaburns.net\/fr\/wp-json\/wp\/v2\/media?parent=616"}],"curies":[{"name":"wp","href":"https:\/\/api.w.org\/{rel}","templated":true}]}}